{"id":2584,"date":"2022-06-10T13:53:34","date_gmt":"2022-06-10T13:53:34","guid":{"rendered":"http:\/\/paulanoval.es\/obrador\/?post_type=product&#038;p=2584"},"modified":"2022-07-15T09:37:03","modified_gmt":"2022-07-15T09:37:03","slug":"bollo-brioche-natural","status":"publish","type":"product","link":"http:\/\/paulanoval.es\/obrador\/product\/bollo-brioche-natural\/","title":{"rendered":"Bollo brioche natural"},"content":{"rendered":"","protected":false},"excerpt":{"rendered":"[fusion_checklist icon=\"fusion-prefix-icon-bakery-angle-right-solid\" iconcolor=\"\" circle=\"\" circlecolor=\"\" size=\"14px\" divider=\"\" divider_color=\"\" hide_on_mobile=\"small-visibility,medium-visibility,large-visibility\" class=\"\" id=\"\"][fusion_li_item icon=\"\"]Harina de trigo, mantequilla, huevo, az\u00facar, leche, yogur, levadura fresca, agua y sal.[\/fusion_li_item][fusion_li_item icon=\"\"]Contiene gluten, l\u00e1cteos y huevo. Puede contener trazas de centeno, s\u00e9samo, frutos de c\u00e1scara y soja.[\/fusion_li_item][\/fusion_checklist]\n","protected":false},"featured_media":2304,"comment_status":"open","ping_status":"closed","template":"","meta":[],"product_cat":[40],"product_tag":[],"class_list":["post-2584","product","type-product","status-publish","has-post-thumbnail","hentry","product_cat-nuestros-dulces"],"_links":{"self":[{"href":"http:\/\/paulanoval.es\/obrador\/wp-json\/wp\/v2\/product\/2584","targetHints":{"allow":["GET"]}}],"collection":[{"href":"http:\/\/paulanoval.es\/obrador\/wp-json\/wp\/v2\/product"}],"about":[{"href":"http:\/\/paulanoval.es\/obrador\/wp-json\/wp\/v2\/types\/product"}],"replies":[{"embeddable":true,"href":"http:\/\/paulanoval.es\/obrador\/wp-json\/wp\/v2\/comments?post=2584"}],"wp:featuredmedia":[{"embeddable":true,"href":"http:\/\/paulanoval.es\/obrador\/wp-json\/wp\/v2\/media\/2304"}],"wp:attachment":[{"href":"http:\/\/paulanoval.es\/obrador\/wp-json\/wp\/v2\/media?parent=2584"}],"wp:term":[{"taxonomy":"product_cat","embeddable":true,"href":"http:\/\/paulanoval.es\/obrador\/wp-json\/wp\/v2\/product_cat?post=2584"},{"taxonomy":"product_tag","embeddable":true,"href":"http:\/\/paulanoval.es\/obrador\/wp-json\/wp\/v2\/product_tag?post=2584"}],"curies":[{"name":"wp","href":"https:\/\/api.w.org\/{rel}","templated":true}]}}